{"id":969,"date":"2018-10-01T08:51:49","date_gmt":"2018-10-01T08:51:49","guid":{"rendered":"https:\/\/www.gidor.ch\/formation\/2-jaerhige-lehre-als-coiffeuse-coiffeure-eba\/"},"modified":"2023-05-02T15:51:56","modified_gmt":"2023-05-02T13:51:56","slug":"formation-de-2-ans-avec-attestation-federale-de-formation-professionnelle-en-tant-que-coiffeur-coiffeuse","status":"publish","type":"page","link":"https:\/\/www.gidor.ch\/fr\/formation\/formation-de-2-ans-avec-attestation-federale-de-formation-professionnelle-en-tant-que-coiffeur-coiffeuse\/","title":{"rendered":"Formation de 2 ans avec attestation f\u00e9d\u00e9rale de formation professionnelle en tant que coiffeur\/coiffeuse"},"content":{"rendered":"<h1>Formation avec attestation f\u00e9d\u00e9rale de formation professionnelle<\/h1>\n<h5 style=\"text-align: left;\">Postulez d\u00e8s maintenant pour une formation de 2 ans avec attestation f\u00e9d\u00e9rale de formation professionnelle en tant que coiffeur\/coiffeuse aupr\u00e8s de GIDOR Coiffure, le num\u00e9ro 1 en Suisse. Dans nos salons, vous apprendrez le m\u00e9tier pour un avenir brillant dans le secteur de la coiffure. Nous attendons votre candidature.<\/h5>\n<p style=\"text-align: left;\"><strong>Informations sur la formation<\/strong><br \/>\nTemps de formation 2 ans<br \/>\nFin de formation = attestation f\u00e9d\u00e9rale de formation professionnelle<\/p>\n<p style=\"text-align: left;\"><strong>D\u00e9roulement de la formation<br \/>\n<\/strong>Au cours de cette formation de 2 ans, vous vous rendrez \u00e0 l\u2019\u00e9cole professionnelle un jour par semaine et travaillerez quatre jours dans le salon. Lors de la formation de coiffeur\/coiffeuse avec attestation f\u00e9d\u00e9rale de formation professionnelle, le travail pratique est au premier plan.<\/p>\n<p style=\"text-align: left;\">Une fois les 2 ans de formation en tant que coiffeur\/coiffeuse avec attestation f\u00e9d\u00e9rale de formation professionnelle valid\u00e9s, vous \u00eates en mesure de suivre une formation de base r\u00e9duite de coiffeur\/coiffeuse avec certificat d\u2019aptitude. Vous arrivez alors directement en deuxi\u00e8me ann\u00e9e de formation.<\/p>\n<p style=\"text-align: left;\"><strong>Comp\u00e9tences op\u00e9rationnelles et professionnelles principales<\/strong><br \/>\n&#8211; Prise en charge de clientes et clients<br \/>\n&#8211; Shampoing et soin du cuir chevelu et des cheveux<br \/>\n&#8211; Coupe des cheveux<br \/>\n&#8211; Modification de la couleur et de la forme des cheveux<br \/>\n&#8211; Mise en forme et coiffure des cheveux<br \/>\n&#8211; Soin et organisation du lieu de travail<\/p>\n<p style=\"text-align: left;\"><strong>Encore des questions?<\/strong><br \/>\nEn cas de questions suppl\u00e9mentaires, contactez-nous au t\u00e9l. <a href=\"&quot;tel:041\">041 766 07 16<\/a> ou envoyez-nous un e-mail \u00e0 <a href=\"mailto:lehrstellen@gidor.ch\">lehrstellen@gidor.ch<\/a><\/p>\n<p style=\"text-align: left;\">Nous attendons votre candidature!<\/p>\n<h2><a href=\"https:\/\/www.yousty.ch\/fr-CH\/places-d-apprentissage?widget=51c05348-1476-4ac2-af63-cecc19a35d14\" target=\"_blank\" rel=\"noopener\">postuler ici<\/a><\/h2>\n","protected":false},"excerpt":{"rendered":"<p>Formation avec attestation f\u00e9d\u00e9rale de formation professionnelle Postulez d\u00e8s maintenant pour une formation de 2 ans avec attestation f\u00e9d\u00e9rale de formation professionnelle en tant que coiffeur\/coiffeuse aupr\u00e8s de GIDOR Coiffure, le num\u00e9ro 1 en Suisse. Dans nos salons, vous apprendrez le m\u00e9tier pour un avenir brillant dans le secteur de la coiffure. Nous attendons votre &hellip; <a href=\"https:\/\/www.gidor.ch\/fr\/formation\/formation-de-2-ans-avec-attestation-federale-de-formation-professionnelle-en-tant-que-coiffeur-coiffeuse\/\">Continued<\/a><\/p>\n","protected":false},"author":1,"featured_media":0,"parent":965,"menu_order":20,"comment_status":"closed","ping_status":"closed","template":"views\/template-ausbildung.blade.php","meta":{"_acf_changed":false,"footnotes":""},"class_list":["post-969","page","type-page","status-publish","hentry"],"acf":[],"_links":{"self":[{"href":"https:\/\/www.gidor.ch\/fr\/wp-json\/wp\/v2\/pages\/969","targetHints":{"allow":["GET"]}}],"collection":[{"href":"https:\/\/www.gidor.ch\/fr\/wp-json\/wp\/v2\/pages"}],"about":[{"href":"https:\/\/www.gidor.ch\/fr\/wp-json\/wp\/v2\/types\/page"}],"author":[{"embeddable":true,"href":"https:\/\/www.gidor.ch\/fr\/wp-json\/wp\/v2\/users\/1"}],"replies":[{"embeddable":true,"href":"https:\/\/www.gidor.ch\/fr\/wp-json\/wp\/v2\/comments?post=969"}],"version-history":[{"count":12,"href":"https:\/\/www.gidor.ch\/fr\/wp-json\/wp\/v2\/pages\/969\/revisions"}],"predecessor-version":[{"id":7348,"href":"https:\/\/www.gidor.ch\/fr\/wp-json\/wp\/v2\/pages\/969\/revisions\/7348"}],"up":[{"embeddable":true,"href":"https:\/\/www.gidor.ch\/fr\/wp-json\/wp\/v2\/pages\/965"}],"wp:attachment":[{"href":"https:\/\/www.gidor.ch\/fr\/wp-json\/wp\/v2\/media?parent=969"}],"curies":[{"name":"wp","href":"https:\/\/api.w.org\/{rel}","templated":true}]}}