{"id":966,"date":"2018-10-01T08:42:40","date_gmt":"2018-10-01T08:42:40","guid":{"rendered":"https:\/\/www.gidor.ch\/ausbildung\/3-jaehrige-lehre-als-coiffeuse-coiffeur-efz\/"},"modified":"2023-05-02T15:52:01","modified_gmt":"2023-05-02T13:52:01","slug":"formation-de-3-ans-avec-certificat-daptitude-en-tant-que-coiffeur-coiffeuse","status":"publish","type":"page","link":"https:\/\/www.gidor.ch\/fr\/formation\/formation-de-3-ans-avec-certificat-daptitude-en-tant-que-coiffeur-coiffeuse\/","title":{"rendered":"Formation de 3 ans avec certificat d\u2019aptitude en tant que coiffeur\/coiffeuse"},"content":{"rendered":"<h1>Formation avec<br \/>\ncertificat d\u2019aptitude<\/h1>\n<h5 style=\"text-align: left;\">Postulez d\u00e8s maintenant pour une formation de 3 ans avec certificat d\u2019aptitude en tant que coiffeur\/coiffeuse aupr\u00e8s de GIDOR Coiffure, le num\u00e9ro 1 en Suisse. Dans nos salons, vous apprendrez le m\u00e9tier pour un avenir brillant dans le secteur de la coiffure. Nous attendons votre candidature.<\/h5>\n<p style=\"text-align: left;\"><strong>Informations sur la formation<\/strong><br \/>\nTemps de formation 3 ans<br \/>\nFin de formation = certificat d\u2019aptitude<\/p>\n<p style=\"text-align: left;\"><strong>D\u00e9roulement de la formation<br \/>\n<\/strong>Au cours des trois ann\u00e9es de formation, vous vous pr\u00e9parerez \u00e0 l\u2019examen partiel de la deuxi\u00e8me ann\u00e9e ainsi qu\u2019\u00e0 la proc\u00e9dure de qualification \u00e0 la fin de la p\u00e9riode de formation. Vous vous rendez \u00e0 l\u2019\u00e9cole professionnelle une fois par semaine et travaillez quatre jours au salon.<\/p>\n<p style=\"text-align: left;\">Examen partiel au 4e semestre<br \/>\n&#8211; Travaux pratiques: technique fondamentale, soin, coupe (4 heures)<\/p>\n<p style=\"text-align: left;\">Examen de fin de formation au 6e semestre (proc\u00e9dure de qualification)<br \/>\n&#8211; Travaux pratiques: conseils \u00e0 la client\u00e8le, coupes hommes et femmes, extensions de cheveux, mises en forme (6 heures)<br \/>\n&#8211; Connaissances\/comp\u00e9tences professionnelles (3\u00bd heures, dont 30 minutes d\u2019oral)<br \/>\n&#8211; Formation g\u00e9n\u00e9rale conf. \u00e0 l\u2019ordonnance sur la formation<\/p>\n<p style=\"text-align: left;\"><strong>Comp\u00e9tences op\u00e9rationnelles et professionnelles principales<\/strong><br \/>\n&#8211; Prise en charge de clientes et clients<br \/>\n&#8211; Conseils et vente de services et produits<br \/>\n&#8211; Traitement et soin du cuir chevelu et des cheveux<br \/>\n&#8211; Coupe des cheveux<br \/>\n&#8211; Coloration de cheveux<br \/>\n&#8211; Mise en forme permanente des cheveux<br \/>\n&#8211; R\u00e9alisation de coiffures<br \/>\n&#8211; Organisation et soin de l\u2019environnement de travail<br \/>\n&#8211; Garantie de la s\u00e9curit\u00e9 au travail, de la protection sanitaire\u00a0et de la protection de l\u2019environnement<\/p>\n<p style=\"text-align: left;\"><strong>Encore des questions?<\/strong><br \/>\nEn cas de questions suppl\u00e9mentaires, contactez-nous au t\u00e9l. <a href=\"tel:041 766 07 13\">041 766 07 13<\/a> ou envoyez-nous un e-mail \u00e0 <a href=\"mailto:lehrstellen@gidor.ch\">lehrstellen@gidor.ch<\/a><\/p>\n<p style=\"text-align: left;\">Nous attendons votre candidature!<\/p>\n<h2><a href=\"https:\/\/www.yousty.ch\/fr-CH\/places-d-apprentissage?widget=51c05348-1476-4ac2-af63-cecc19a35d14\" target=\"_blank\" rel=\"noopener\">postuler ici<\/a><\/h2>\n","protected":false},"excerpt":{"rendered":"<p>Formation avec certificat d\u2019aptitude Postulez d\u00e8s maintenant pour une formation de 3 ans avec certificat d\u2019aptitude en tant que coiffeur\/coiffeuse aupr\u00e8s de GIDOR Coiffure, le num\u00e9ro 1 en Suisse. Dans nos salons, vous apprendrez le m\u00e9tier pour un avenir brillant dans le secteur de la coiffure. Nous attendons votre candidature. Informations sur la formation Temps &hellip; <a href=\"https:\/\/www.gidor.ch\/fr\/formation\/formation-de-3-ans-avec-certificat-daptitude-en-tant-que-coiffeur-coiffeuse\/\">Continued<\/a><\/p>\n","protected":false},"author":1,"featured_media":0,"parent":965,"menu_order":10,"comment_status":"closed","ping_status":"closed","template":"views\/template-ausbildung.blade.php","meta":{"_acf_changed":false,"footnotes":""},"class_list":["post-966","page","type-page","status-publish","hentry"],"acf":[],"_links":{"self":[{"href":"https:\/\/www.gidor.ch\/fr\/wp-json\/wp\/v2\/pages\/966","targetHints":{"allow":["GET"]}}],"collection":[{"href":"https:\/\/www.gidor.ch\/fr\/wp-json\/wp\/v2\/pages"}],"about":[{"href":"https:\/\/www.gidor.ch\/fr\/wp-json\/wp\/v2\/types\/page"}],"author":[{"embeddable":true,"href":"https:\/\/www.gidor.ch\/fr\/wp-json\/wp\/v2\/users\/1"}],"replies":[{"embeddable":true,"href":"https:\/\/www.gidor.ch\/fr\/wp-json\/wp\/v2\/comments?post=966"}],"version-history":[{"count":13,"href":"https:\/\/www.gidor.ch\/fr\/wp-json\/wp\/v2\/pages\/966\/revisions"}],"predecessor-version":[{"id":7349,"href":"https:\/\/www.gidor.ch\/fr\/wp-json\/wp\/v2\/pages\/966\/revisions\/7349"}],"up":[{"embeddable":true,"href":"https:\/\/www.gidor.ch\/fr\/wp-json\/wp\/v2\/pages\/965"}],"wp:attachment":[{"href":"https:\/\/www.gidor.ch\/fr\/wp-json\/wp\/v2\/media?parent=966"}],"curies":[{"name":"wp","href":"https:\/\/api.w.org\/{rel}","templated":true}]}}