{"id":955,"date":"2018-10-01T08:53:58","date_gmt":"2018-10-01T08:53:58","guid":{"rendered":"https:\/\/www.gidor.ch\/kontakt\/kontaktformular\/"},"modified":"2021-01-12T07:47:26","modified_gmt":"2021-01-12T07:47:26","slug":"formulaire-de-contact","status":"publish","type":"page","link":"https:\/\/www.gidor.ch\/fr\/contact\/formulaire-de-contact\/","title":{"rendered":"Formulaire de contact"},"content":{"rendered":"<h1 style=\"text-align: center;\">Nous sommes l\u00e0 pour vous<\/h1>\n<h5 style=\"text-align: left;\">Questions, retours ou autres demandes? Vous \u00eates exactement au bon endroit!<\/h5>\n<p style=\"text-align: left;\">Remplissez le formulaire et nous vous r\u00e9pondrons aussi vite que possible. Veuillez noter que les r\u00e9ponses peuvent tarder en raison de week-ends et jours f\u00e9ri\u00e9s.<\/p>\n<p style=\"text-align: left;\">Est-ce que vous avez une question sur le prix ou d\u00e9sirez-vous un estimation des co\u00fbts? Veuillez contacter directement votre salon pr\u00e9f\u00e9r\u00e9e. <a href=\"https:\/\/www.gidor.ch\/fr\/salons\/\">Trouvez et contactez votre salon pr\u00e9f\u00e9r\u00e9e<\/a>.<br \/>\nLe prix peut varier en fonction du service, de la longueur des cheveux, des services et produits suppl\u00e9mentaires. Nos collaborateurs dans les salons se tiennent \u00e0 votre enti\u00e8re disposition et se feront un plaisir de vous aider par t\u00e9l\u00e9phone.<\/p>\n<p style=\"text-align: left;\">Nous nous r\u00e9jouissons de votre visite et nous vous servons selon notre philosophie sans rendez-vous.<\/p>\n<p>&nbsp;<\/p>\n","protected":false},"excerpt":{"rendered":"<p>Nous sommes l\u00e0 pour vous Questions, retours ou autres demandes? Vous \u00eates exactement au bon endroit! Remplissez le formulaire et nous vous r\u00e9pondrons aussi vite que possible. Veuillez noter que les r\u00e9ponses peuvent tarder en raison de week-ends et jours f\u00e9ri\u00e9s. Est-ce que vous avez une question sur le prix ou d\u00e9sirez-vous un estimation des &hellip; <a href=\"https:\/\/www.gidor.ch\/fr\/contact\/formulaire-de-contact\/\">Continued<\/a><\/p>\n","protected":false},"author":1,"featured_media":0,"parent":953,"menu_order":20,"comment_status":"closed","ping_status":"closed","template":"views\/template-contactform.blade.php","meta":{"_acf_changed":false,"footnotes":""},"class_list":["post-955","page","type-page","status-publish","hentry"],"acf":[],"_links":{"self":[{"href":"https:\/\/www.gidor.ch\/fr\/wp-json\/wp\/v2\/pages\/955","targetHints":{"allow":["GET"]}}],"collection":[{"href":"https:\/\/www.gidor.ch\/fr\/wp-json\/wp\/v2\/pages"}],"about":[{"href":"https:\/\/www.gidor.ch\/fr\/wp-json\/wp\/v2\/types\/page"}],"author":[{"embeddable":true,"href":"https:\/\/www.gidor.ch\/fr\/wp-json\/wp\/v2\/users\/1"}],"replies":[{"embeddable":true,"href":"https:\/\/www.gidor.ch\/fr\/wp-json\/wp\/v2\/comments?post=955"}],"version-history":[{"count":13,"href":"https:\/\/www.gidor.ch\/fr\/wp-json\/wp\/v2\/pages\/955\/revisions"}],"predecessor-version":[{"id":4474,"href":"https:\/\/www.gidor.ch\/fr\/wp-json\/wp\/v2\/pages\/955\/revisions\/4474"}],"up":[{"embeddable":true,"href":"https:\/\/www.gidor.ch\/fr\/wp-json\/wp\/v2\/pages\/953"}],"wp:attachment":[{"href":"https:\/\/www.gidor.ch\/fr\/wp-json\/wp\/v2\/media?parent=955"}],"curies":[{"name":"wp","href":"https:\/\/api.w.org\/{rel}","templated":true}]}}