{"id":918,"date":"2018-10-01T07:51:22","date_gmt":"2018-10-01T07:51:22","guid":{"rendered":"https:\/\/www.gidor.ch\/jobs\/geschaeftsfuehrer-in\/"},"modified":"2019-10-17T06:08:01","modified_gmt":"2019-10-17T06:08:01","slug":"gerant-e","status":"publish","type":"page","link":"https:\/\/www.gidor.ch\/fr\/emplois\/gerant-e\/","title":{"rendered":"G\u00e9rant\/e"},"content":{"rendered":"<h1>Votre propre salon?<\/h1>\n<h5 style=\"text-align: left;\">Vous \u00eates ambitieux\/se, avez un esprit de meneur\/euse et disposez de plusieurs ann\u00e9es d\u2019exp\u00e9rience ainsi qu\u2019une certaine capacit\u00e9 \u00e0 vous imposer? Alors, vous correspondez \u00e0 nos attentes.<br \/>\nNous vous proposons un lieu de travail moderne, des formations continues r\u00e9guli\u00e8res et des conditions de travail int\u00e9ressantes. Int\u00e9ress\u00e9(e)? N\u2019h\u00e9sitez pas \u00e0 nous envoyer l\u2019ensemble de vos documents de candidature avec une photo.<\/h5>\n","protected":false},"excerpt":{"rendered":"<p>Votre propre salon? Vous \u00eates ambitieux\/se, avez un esprit de meneur\/euse et disposez de plusieurs ann\u00e9es d\u2019exp\u00e9rience ainsi qu\u2019une certaine capacit\u00e9 \u00e0 vous imposer? Alors, vous correspondez \u00e0 nos attentes. Nous vous proposons un lieu de travail moderne, des formations continues r\u00e9guli\u00e8res et des conditions de travail int\u00e9ressantes. Int\u00e9ress\u00e9(e)? N\u2019h\u00e9sitez pas \u00e0 nous envoyer l\u2019ensemble &hellip; <a href=\"https:\/\/www.gidor.ch\/fr\/emplois\/gerant-e\/\">Continued<\/a><\/p>\n","protected":false},"author":1,"featured_media":0,"parent":916,"menu_order":20,"comment_status":"closed","ping_status":"closed","template":"views\/template-jobs.blade.php","meta":{"_acf_changed":false,"footnotes":""},"class_list":["post-918","page","type-page","status-publish","hentry"],"acf":[],"_links":{"self":[{"href":"https:\/\/www.gidor.ch\/fr\/wp-json\/wp\/v2\/pages\/918","targetHints":{"allow":["GET"]}}],"collection":[{"href":"https:\/\/www.gidor.ch\/fr\/wp-json\/wp\/v2\/pages"}],"about":[{"href":"https:\/\/www.gidor.ch\/fr\/wp-json\/wp\/v2\/types\/page"}],"author":[{"embeddable":true,"href":"https:\/\/www.gidor.ch\/fr\/wp-json\/wp\/v2\/users\/1"}],"replies":[{"embeddable":true,"href":"https:\/\/www.gidor.ch\/fr\/wp-json\/wp\/v2\/comments?post=918"}],"version-history":[{"count":19,"href":"https:\/\/www.gidor.ch\/fr\/wp-json\/wp\/v2\/pages\/918\/revisions"}],"predecessor-version":[{"id":2686,"href":"https:\/\/www.gidor.ch\/fr\/wp-json\/wp\/v2\/pages\/918\/revisions\/2686"}],"up":[{"embeddable":true,"href":"https:\/\/www.gidor.ch\/fr\/wp-json\/wp\/v2\/pages\/916"}],"wp:attachment":[{"href":"https:\/\/www.gidor.ch\/fr\/wp-json\/wp\/v2\/media?parent=918"}],"curies":[{"name":"wp","href":"https:\/\/api.w.org\/{rel}","templated":true}]}}