{"id":341,"date":"2018-09-18T14:04:48","date_gmt":"2018-09-18T14:04:48","guid":{"rendered":"https:\/\/www.gidor.ch\/filialen\/"},"modified":"2026-03-23T11:58:05","modified_gmt":"2026-03-23T10:58:05","slug":"salons","status":"publish","type":"page","link":"https:\/\/www.gidor.ch\/fr\/salons\/","title":{"rendered":"Salons"},"content":{"rendered":"<h1>Voici o\u00f9 nous trouver<\/h1>\n<h5 style=\"text-align: left;\">GIDOR Coiffure est le num\u00e9ro 1 en Suisse, avec plus de 95 salons. Nos salons sont situ\u00e9s dans des zones tr\u00e8s passantes et disposent de possibilit\u00e9s de stationnement publiques.<br \/>\nPour les petits, la plupart des salons disposent d\u2019espaces sp\u00e9ciaux pour enfants. Ainsi, la visite chez GIDOR Coiffure devient une exp\u00e9rience pour petits et grands. En outre: nos salons sont ouverts le lundi et certaines \u00e9galement le dimanche!<\/h5>\n<p style=\"text-align: left;\"><span style=\"color: #ff0000;\">\u00a0<\/span><\/p>\n","protected":false},"excerpt":{"rendered":"<p>Voici o\u00f9 nous trouver GIDOR Coiffure est le num\u00e9ro 1 en Suisse, avec plus de 95 salons. Nos salons sont situ\u00e9s dans des zones tr\u00e8s passantes et disposent de possibilit\u00e9s de stationnement publiques. Pour les petits, la plupart des salons disposent d\u2019espaces sp\u00e9ciaux pour enfants. Ainsi, la visite chez GIDOR Coiffure devient une exp\u00e9rience pour &hellip; <a href=\"https:\/\/www.gidor.ch\/fr\/salons\/\">Continued<\/a><\/p>\n","protected":false},"author":1,"featured_media":0,"parent":0,"menu_order":20,"comment_status":"closed","ping_status":"closed","template":"views\/template-filialen.blade.php","meta":{"_acf_changed":false,"footnotes":""},"class_list":["post-341","page","type-page","status-publish","hentry"],"acf":[],"_links":{"self":[{"href":"https:\/\/www.gidor.ch\/fr\/wp-json\/wp\/v2\/pages\/341","targetHints":{"allow":["GET"]}}],"collection":[{"href":"https:\/\/www.gidor.ch\/fr\/wp-json\/wp\/v2\/pages"}],"about":[{"href":"https:\/\/www.gidor.ch\/fr\/wp-json\/wp\/v2\/types\/page"}],"author":[{"embeddable":true,"href":"https:\/\/www.gidor.ch\/fr\/wp-json\/wp\/v2\/users\/1"}],"replies":[{"embeddable":true,"href":"https:\/\/www.gidor.ch\/fr\/wp-json\/wp\/v2\/comments?post=341"}],"version-history":[{"count":13,"href":"https:\/\/www.gidor.ch\/fr\/wp-json\/wp\/v2\/pages\/341\/revisions"}],"predecessor-version":[{"id":10735,"href":"https:\/\/www.gidor.ch\/fr\/wp-json\/wp\/v2\/pages\/341\/revisions\/10735"}],"wp:attachment":[{"href":"https:\/\/www.gidor.ch\/fr\/wp-json\/wp\/v2\/media?parent=341"}],"curies":[{"name":"wp","href":"https:\/\/api.w.org\/{rel}","templated":true}]}}