{"id":1047,"date":"2018-11-07T08:29:28","date_gmt":"2018-11-07T08:29:28","guid":{"rendered":"https:\/\/www.gidor.ch\/?page_id=1047"},"modified":"2026-03-31T16:56:48","modified_gmt":"2026-03-31T14:56:48","slug":"acheter-des-cartes-cadeaux","status":"publish","type":"page","link":"https:\/\/www.gidor.ch\/fr\/cartes-cadeaux\/acheter-des-cartes-cadeaux\/","title":{"rendered":"Acheter des cartes cadeaux"},"content":{"rendered":"<h1>GIDOR Coiffure \u00e0 offrir<\/h1>\n<h5 style=\"text-align: left;\">Vous cherchez le cadeau id\u00e9al pour un anniversaire, la Saint-Valentin, la f\u00eate des m\u00e8res ou No\u00ebl? Ou bien vous souhaitez simplement faire un cadeau \u00e0 votre partenaire sans raison? Avec une carte cadeau GIDOR Coiffure, vous faites toujours plaisir.<\/h5>\n<p style=\"text-align: left;\">Les commandes sont envoy\u00e9es rapidement par la Poste m\u00eame (except\u00e9 les jours f\u00e9ri\u00e9s nationaux ou cantonaux). Important: exp\u00e9dition uniquement en Suisse et en semaine. Pas de date d\u2019expiration.<\/p>\n\n\n\n","protected":false},"excerpt":{"rendered":"<p>GIDOR Coiffure \u00e0 offrir Vous cherchez le cadeau id\u00e9al pour un anniversaire, la Saint-Valentin, la f\u00eate des m\u00e8res ou No\u00ebl? Ou bien vous souhaitez simplement faire un cadeau \u00e0 votre partenaire sans raison? Avec une carte cadeau GIDOR Coiffure, vous faites toujours plaisir. Les commandes sont envoy\u00e9es rapidement par la Poste m\u00eame (except\u00e9 les jours &hellip; <a href=\"https:\/\/www.gidor.ch\/fr\/cartes-cadeaux\/acheter-des-cartes-cadeaux\/\">Continued<\/a><\/p>\n","protected":false},"author":1,"featured_media":0,"parent":1045,"menu_order":10,"comment_status":"closed","ping_status":"closed","template":"views\/template-giftcard.blade.php","meta":{"_acf_changed":false,"footnotes":""},"class_list":["post-1047","page","type-page","status-publish","hentry"],"acf":[],"_links":{"self":[{"href":"https:\/\/www.gidor.ch\/fr\/wp-json\/wp\/v2\/pages\/1047","targetHints":{"allow":["GET"]}}],"collection":[{"href":"https:\/\/www.gidor.ch\/fr\/wp-json\/wp\/v2\/pages"}],"about":[{"href":"https:\/\/www.gidor.ch\/fr\/wp-json\/wp\/v2\/types\/page"}],"author":[{"embeddable":true,"href":"https:\/\/www.gidor.ch\/fr\/wp-json\/wp\/v2\/users\/1"}],"replies":[{"embeddable":true,"href":"https:\/\/www.gidor.ch\/fr\/wp-json\/wp\/v2\/comments?post=1047"}],"version-history":[{"count":41,"href":"https:\/\/www.gidor.ch\/fr\/wp-json\/wp\/v2\/pages\/1047\/revisions"}],"predecessor-version":[{"id":10852,"href":"https:\/\/www.gidor.ch\/fr\/wp-json\/wp\/v2\/pages\/1047\/revisions\/10852"}],"up":[{"embeddable":true,"href":"https:\/\/www.gidor.ch\/fr\/wp-json\/wp\/v2\/pages\/1045"}],"wp:attachment":[{"href":"https:\/\/www.gidor.ch\/fr\/wp-json\/wp\/v2\/media?parent=1047"}],"curies":[{"name":"wp","href":"https:\/\/api.w.org\/{rel}","templated":true}]}}